{"id":24,"date":"2021-07-27T21:57:21","date_gmt":"2021-07-27T21:57:21","guid":{"rendered":"https:\/\/re-care.com.mx\/?page_id=24"},"modified":"2026-02-08T00:34:49","modified_gmt":"2026-02-08T00:34:49","slug":"inicio","status":"publish","type":"page","link":"https:\/\/re-care.com.mx\/","title":{"rendered":"Inicio"},"content":{"rendered":"<p>[et_pb_section fb_built=\u00bb1&#8243; _builder_version=\u00bb4.16&#8243; _module_preset=\u00bbdefault\u00bb custom_padding=\u00bb0px||0px|||\u00bb global_colors_info=\u00bb{}\u00bb][et_pb_row _builder_version=\u00bb4.27.5&#8243; _module_preset=\u00bbdefault\u00bb hover_enabled=\u00bb0&#8243; global_colors_info=\u00bb{}\u00bb sticky_enabled=\u00bb0&#8243; width=\u00bb100%\u00bb max_width=\u00bb1958px\u00bb][et_pb_column type=\u00bb4_4&#8243; _builder_version=\u00bb4.16&#8243; _module_preset=\u00bbdefault\u00bb global_colors_info=\u00bb{}\u00bb][et_pb_slider _builder_version=\u00bb4.27.5&#8243; _module_preset=\u00bbdefault\u00bb background_video_mp4=\u00bbhttps:\/\/re-care.com.mx\/wp-content\/uploads\/2021\/09\/Re-Care.-1.mp4&#8243; hover_enabled=\u00bb0&#8243; global_colors_info=\u00bb{}\u00bb sticky_enabled=\u00bb0&#8243; custom_padding=\u00bb364px||364px||true|\u00bb custom_padding_last_edited=\u00bbon|phone\u00bb width_last_edited=\u00bbon|phone\u00bb width_phone=\u00bb100%\u00bb custom_padding_phone=\u00bb186px||186px||true|false\u00bb custom_padding_tablet=\u00bb364px||364px||true|\u00bb][et_pb_slide _builder_version=\u00bb4.16&#8243; _module_preset=\u00bbdefault\u00bb global_colors_info=\u00bb{}\u00bb sticky_transition=\u00bbon\u00bb][\/et_pb_slide][\/et_pb_slider][\/et_pb_column][\/et_pb_row][\/et_pb_section][et_pb_section fb_built=\u00bb1&#8243; specialty=\u00bbon\u00bb _builder_version=\u00bb4.16&#8243; _module_preset=\u00bbdefault\u00bb global_colors_info=\u00bb{}\u00bb][et_pb_column type=\u00bb1_2&#8243; specialty_columns=\u00bb2&#8243; _builder_version=\u00bb4.16&#8243; custom_padding=\u00bb|||\u00bb global_colors_info=\u00bb{}\u00bb custom_padding__hover=\u00bb|||\u00bb][et_pb_row_inner _builder_version=\u00bb4.16&#8243; _module_preset=\u00bbdefault\u00bb global_colors_info=\u00bb{}\u00bb][et_pb_column_inner saved_specialty_column_type=\u00bb1_2&#8243; _builder_version=\u00bb4.16&#8243; _module_preset=\u00bbdefault\u00bb global_colors_info=\u00bb{}\u00bb][et_pb_text _builder_version=\u00bb4.16&#8243; _module_preset=\u00bbdefault\u00bb text_font=\u00bbAnton||||||||\u00bb text_text_color=\u00bb#000000&#8243; text_font_size=\u00bb49px\u00bb text_line_height=\u00bb1.8em\u00bb custom_margin=\u00bb30px|||||\u00bb animation_style=\u00bbfade\u00bb global_colors_info=\u00bb{}\u00bb]<\/p>\n<p style=\"text-align: center;\">Shampoo con col\u00e1geno marino hidrolizado\u00a0<\/p>\n<p>[\/et_pb_text][\/et_pb_column_inner][\/et_pb_row_inner][et_pb_row_inner _builder_version=\u00bb4.16&#8243; _module_preset=\u00bbdefault\u00bb global_colors_info=\u00bb{}\u00bb][et_pb_column_inner saved_specialty_column_type=\u00bb1_2&#8243; _builder_version=\u00bb4.16&#8243; _module_preset=\u00bbdefault\u00bb global_colors_info=\u00bb{}\u00bb][et_pb_text _builder_version=\u00bb4.16&#8243; _module_preset=\u00bbdefault\u00bb text_font=\u00bbABeeZee||||||||\u00bb text_text_color=\u00bb#0c71c3&#8243; text_font_size=\u00bb30px\u00bb text_line_height_tablet=\u00bb\u00bb text_line_height_phone=\u00bb1.8em\u00bb text_line_height_last_edited=\u00bbon|phone\u00bb global_colors_info=\u00bb{}\u00bb]<\/p>\n<p style=\"text-align: center;\">\u00a1M\u00e1s de 20 amino\u00e1cidos!<\/p>\n<p>[\/et_pb_text][\/et_pb_column_inner][\/et_pb_row_inner][et_pb_row_inner _builder_version=\u00bb4.16&#8243; _module_preset=\u00bbdefault\u00bb global_colors_info=\u00bb{}\u00bb][et_pb_column_inner saved_specialty_column_type=\u00bb1_2&#8243; _builder_version=\u00bb4.16&#8243; _module_preset=\u00bbdefault\u00bb global_colors_info=\u00bb{}\u00bb][et_pb_text _builder_version=\u00bb4.16&#8243; _module_preset=\u00bbdefault\u00bb text_font=\u00bbABeeZee||||||||\u00bb text_text_color=\u00bb#000000&#8243; text_font_size=\u00bb18px\u00bb text_line_height=\u00bb1.8em\u00bb global_colors_info=\u00bb{}\u00bb]<\/p>\n<p style=\"text-align: center;\">Da fuerza, crecimiento para tu cabello; resistencia, dismuye la ca\u00edda; suavidad, m\u00e1s f\u00e1cil de peinar; brillo, l\u00facelo desde la primer lavada<\/p>\n<p class=\"Cuerpo\" style=\"text-align: center;\"><span lang=\"ES-TRAD\">Penetra a trav\u00e9s del poro del cabello a la ra\u00edz, fortaleciendo y estimulando la fase end\u00f3gena (nacimiento) del cabello. As\u00ed como su desarrollo y crecimiento, limpia a profundidad el cuero cabelludo. <o:p><\/o:p><\/span><\/p>\n<p>[\/et_pb_text][\/et_pb_column_inner][\/et_pb_row_inner][\/et_pb_column][et_pb_column type=\u00bb1_2&#8243; _builder_version=\u00bb4.16&#8243; custom_padding=\u00bb|||\u00bb global_colors_info=\u00bb{}\u00bb custom_padding__hover=\u00bb|||\u00bb][et_pb_image src=\u00bbhttps:\/\/re-care.com.mx\/wp-content\/uploads\/2021\/07\/Elementos-web-Re-Care.png\u00bb title_text=\u00bbElementos web Re-Care\u00bb _builder_version=\u00bb4.16&#8243; _module_preset=\u00bbdefault\u00bb custom_margin=\u00bb||7px|||\u00bb custom_padding=\u00bb56px||7px|||\u00bb animation_style=\u00bbbounce\u00bb global_colors_info=\u00bb{}\u00bb][\/et_pb_image][\/et_pb_column][\/et_pb_section][et_pb_section fb_built=\u00bb1&#8243; _builder_version=\u00bb4.16&#8243; _module_preset=\u00bbdefault\u00bb custom_padding=\u00bb||0px|||\u00bb global_colors_info=\u00bb{}\u00bb][et_pb_row _builder_version=\u00bb4.16&#8243; _module_preset=\u00bbdefault\u00bb custom_padding=\u00bb||0px|||\u00bb global_colors_info=\u00bb{}\u00bb][et_pb_column type=\u00bb4_4&#8243; _builder_version=\u00bb4.16&#8243; _module_preset=\u00bbdefault\u00bb global_colors_info=\u00bb{}\u00bb][et_pb_slider _builder_version=\u00bb4.27.5&#8243; _module_preset=\u00bbdefault\u00bb custom_margin=\u00bb|-127px||-131px||\u00bb custom_padding=\u00bb|67px||118px||\u00bb hover_enabled=\u00bb0&#8243; global_colors_info=\u00bb{}\u00bb sticky_enabled=\u00bb0&#8243;][et_pb_slide heading=\u00bbRepara y nutre tu cabello con la mascarilla de col\u00e1geno Mask\u00bb button_text=\u00bbVer tratamiento\u00bb button_link=\u00bbhttps:\/\/re-care.com.mx\/index.php\/productos\/\u00bb _builder_version=\u00bb4.27.5&#8243; _module_preset=\u00bbdefault\u00bb background_image=\u00bbhttps:\/\/re-care.com.mx\/wp-content\/uploads\/2021\/07\/Copia-de-Re-Care-DISENO-WEB-1.png\u00bb background_enable_image=\u00bbon\u00bb parallax=\u00bbon\u00bb hover_enabled=\u00bb0&#8243; text_shadow_style=\u00bbpreset2&#8243; global_colors_info=\u00bb{}\u00bb sticky_transition=\u00bbon\u00bb custom_button=\u00bbon\u00bb button_border_radius=\u00bb30px\u00bb sticky_enabled=\u00bb0&#8243;]<\/p>\n<p>\u00a1Brinda protecci\u00f3n UV a tu cabello! Controla el frizz y nutre con sus m\u00e1s de 20 amino\u00e1cidos, con el nuevo tratamiento Mask de Re-Care<span>\u00ae<\/span><\/p>\n<p>[\/et_pb_slide][\/et_pb_slider][\/et_pb_column][\/et_pb_row][\/et_pb_section][et_pb_section fb_built=\u00bb1&#8243; specialty=\u00bbon\u00bb _builder_version=\u00bb4.16&#8243; _module_preset=\u00bbdefault\u00bb global_colors_info=\u00bb{}\u00bb][et_pb_column type=\u00bb1_2&#8243; specialty_columns=\u00bb2&#8243; _builder_version=\u00bb4.16&#8243; custom_padding=\u00bb|||\u00bb global_colors_info=\u00bb{}\u00bb custom_padding__hover=\u00bb|||\u00bb][et_pb_row_inner _builder_version=\u00bb4.16&#8243; _module_preset=\u00bbdefault\u00bb global_colors_info=\u00bb{}\u00bb][et_pb_column_inner saved_specialty_column_type=\u00bb1_2&#8243; _builder_version=\u00bb4.16&#8243; _module_preset=\u00bbdefault\u00bb global_colors_info=\u00bb{}\u00bb][et_pb_text _builder_version=\u00bb4.16&#8243; _module_preset=\u00bbdefault\u00bb text_font=\u00bbAnton||||||||\u00bb text_text_color=\u00bb#000000&#8243; text_font_size=\u00bb18px\u00bb text_line_height=\u00bb1.8em\u00bb custom_margin=\u00bb30px|||||\u00bb animation_style=\u00bbfade\u00bb global_colors_info=\u00bb{}\u00bb]<\/p>\n<p class=\"Cuerpo\" style=\"text-align: center;\"><span lang=\"ES-TRAD\">\u00danico col\u00e1geno marino con 20 amino\u00e1cidos precursores del glutanol, prote\u00edna hidrolizada de col\u00e1geno marino 100% natural y org\u00e1nico <o:p><\/o:p><\/span><\/p>\n<p>[\/et_pb_text][\/et_pb_column_inner][\/et_pb_row_inner][et_pb_row_inner _builder_version=\u00bb4.16&#8243; _module_preset=\u00bbdefault\u00bb global_colors_info=\u00bb{}\u00bb][et_pb_column_inner saved_specialty_column_type=\u00bb1_2&#8243; _builder_version=\u00bb4.16&#8243; _module_preset=\u00bbdefault\u00bb global_colors_info=\u00bb{}\u00bb][et_pb_text _builder_version=\u00bb4.16&#8243; _module_preset=\u00bbdefault\u00bb text_font=\u00bbABeeZee||||||||\u00bb text_text_color=\u00bb#000000&#8243; text_font_size=\u00bb17px\u00bb global_colors_info=\u00bb{}\u00bb]<\/p>\n<p class=\"Cuerpo\" style=\"text-align: center;\"><span lang=\"ES-TRAD\">Auxiliar proteinico para anti envejecimiento y enfermedades auto inmunes y degenerativas, climaterio y menopausia, ayuda a fortalecer el sistema inmune<o:p><\/o:p><\/span><\/p>\n<p>[\/et_pb_text][\/et_pb_column_inner][\/et_pb_row_inner][et_pb_row_inner _builder_version=\u00bb4.16&#8243; _module_preset=\u00bbdefault\u00bb global_colors_info=\u00bb{}\u00bb][et_pb_column_inner saved_specialty_column_type=\u00bb1_2&#8243; _builder_version=\u00bb4.16&#8243; _module_preset=\u00bbdefault\u00bb global_colors_info=\u00bb{}\u00bb][et_pb_text _builder_version=\u00bb4.16&#8243; _module_preset=\u00bbdefault\u00bb text_font=\u00bbABeeZee||||||||\u00bb text_text_color=\u00bb#000000&#8243; text_font_size=\u00bb18px\u00bb text_line_height=\u00bb1.8em\u00bb global_colors_info=\u00bb{}\u00bb]<\/p>\n<p class=\"Cuerpo\" style=\"text-align: center;\"><span lang=\"ES-TRAD\">Beneficios del col\u00e1geno:<\/span><\/p>\n<p class=\"Cuerpo\" style=\"text-align: center;\"><span lang=\"ES-TRAD\"><\/span><\/p>\n<p style=\"text-align: center;\"><span lang=\"ES-TRAD\">Salud y belleza, en piel cabello y u\u00f1as, brinda energ\u00eda, quita el estr\u00e9s y fortalece huesos, m\u00fasculos, venas y cart\u00edlago<o:p><\/o:p><\/span><\/p>\n<p>[\/et_pb_text][\/et_pb_column_inner][\/et_pb_row_inner][\/et_pb_column][et_pb_column type=\u00bb1_2&#8243; _builder_version=\u00bb4.16&#8243; custom_padding=\u00bb|||\u00bb global_colors_info=\u00bb{}\u00bb custom_padding__hover=\u00bb|||\u00bb][et_pb_image src=\u00bbhttps:\/\/re-care.com.mx\/wp-content\/uploads\/2022\/02\/Colageno-mockup-2.png\u00bb title_text=\u00bbColageno mockup (2)\u00bb _builder_version=\u00bb4.16&#8243; _module_preset=\u00bbdefault\u00bb animation_style=\u00bbbounce\u00bb global_colors_info=\u00bb{}\u00bb][\/et_pb_image][\/et_pb_column][\/et_pb_section][et_pb_section fb_built=\u00bb1&#8243; _builder_version=\u00bb4.16&#8243; _module_preset=\u00bbdefault\u00bb global_colors_info=\u00bb{}\u00bb][et_pb_row _builder_version=\u00bb4.16&#8243; _module_preset=\u00bbdefault\u00bb global_colors_info=\u00bb{}\u00bb][et_pb_column type=\u00bb4_4&#8243; _builder_version=\u00bb4.16&#8243; _module_preset=\u00bbdefault\u00bb global_colors_info=\u00bb{}\u00bb][et_pb_testimonial author=\u00bbMarlen Arreola \u00bb job_title=\u00bbEstilista profesional \u00bb portrait_url=\u00bbhttps:\/\/re-care.com.mx\/wp-content\/uploads\/2021\/07\/Elementos-web-Re-Care-1.png\u00bb quote_icon_color=\u00bb#ffffff\u00bb quote_icon_background_color=\u00bb#0A6186&#8243; _builder_version=\u00bb4.16&#8243; _module_preset=\u00bbdefault\u00bb animation_style=\u00bbslide\u00bb box_shadow_style=\u00bbpreset3&#8243; global_colors_info=\u00bb{}\u00bb]<\/p>\n<p>Desde que lo us\u00e9 por primera vez pude notar cambios. Mi cabello ya no tuvo m\u00e1s frizz, es muy suave, est\u00e1 m\u00e1s hidratado y es mucho m\u00e1s manejable. Me encanta y no dejar\u00eda de usarlo\u00a0<img decoding=\"async\" src=\"https:\/\/re-care.com.mx\/wp-content\/themes\/Divi\/includes\/builder\/frontend-builder\/assets\/vendors\/plugins\/emoticons\/img\/smiley-wink.gif\" alt=\"wink\" \/><\/p>\n<p>[\/et_pb_testimonial][\/et_pb_column][\/et_pb_row][\/et_pb_section][et_pb_section fb_built=\u00bb1&#8243; _builder_version=\u00bb4.16&#8243; _module_preset=\u00bbdefault\u00bb global_colors_info=\u00bb{}\u00bb][et_pb_row column_structure=\u00bb1_3,1_3,1_3&#8243; _builder_version=\u00bb4.16&#8243; _module_preset=\u00bbdefault\u00bb global_colors_info=\u00bb{}\u00bb][et_pb_column type=\u00bb1_3&#8243; _builder_version=\u00bb4.16&#8243; _module_preset=\u00bbdefault\u00bb global_colors_info=\u00bb{}\u00bb][et_pb_blurb title=\u00bbBotox que repara tu piel\u00bb image=\u00bbhttps:\/\/re-care.com.mx\/wp-content\/uploads\/2022\/02\/Colageno-mockup-1.png\u00bb _builder_version=\u00bb4.16&#8243; _module_preset=\u00bbdefault\u00bb header_font=\u00bbABeeZee||||||||\u00bb animation_style=\u00bbslide\u00bb global_colors_info=\u00bb{}\u00bb]<\/p>\n<p>La combinaci\u00f3n de sus componentes, hacen de este serum facial,\u00a0un producto\u00a0de alta eficacia con textura ligera.\u00a0Efecto hidratante y lifting, la m\u00e1s alta concentraci\u00f3n de sus principios activos garantizan una eficaz absorci\u00f3n a capas m\u00e1s profundas de la piel, ofreciendo resultados visibles de inmediato.<\/p>\n<p>[\/et_pb_blurb][\/et_pb_column][et_pb_column type=\u00bb1_3&#8243; _builder_version=\u00bb4.16&#8243; _module_preset=\u00bbdefault\u00bb global_colors_info=\u00bb{}\u00bb][et_pb_blurb title=\u00bbShampoo y tratamiento que nutren tu cabello\u00bb image=\u00bbhttps:\/\/re-care.com.mx\/wp-content\/uploads\/2021\/09\/Colageno.png\u00bb _builder_version=\u00bb4.16&#8243; _module_preset=\u00bbdefault\u00bb animation_style=\u00bbslide\u00bb global_colors_info=\u00bb{}\u00bb]<\/p>\n<p>Repara el da\u00f1o, elimina el frizz, dale brillo y volumen a tu cabello con el shampoo y tratamieto de Re-Care\u00ae<\/p>\n<p>[\/et_pb_blurb][\/et_pb_column][et_pb_column type=\u00bb1_3&#8243; _builder_version=\u00bb4.16&#8243; _module_preset=\u00bbdefault\u00bb global_colors_info=\u00bb{}\u00bb][et_pb_blurb title=\u00bbCol\u00e1geno que te ayuda a lograr tus metas\u00bb image=\u00bbhttps:\/\/re-care.com.mx\/wp-content\/uploads\/2021\/09\/Colageno-1.jpg\u00bb _builder_version=\u00bb4.16&#8243; _module_preset=\u00bbdefault\u00bb animation_style=\u00bbslide\u00bb global_colors_info=\u00bb{}\u00bb]<\/p>\n<p>Aprovecha todos los beneficios que el col\u00e1geno marino puede darle a tu cuerpo, ideal para deportistas y personas altamente activas<\/p>\n<p>[\/et_pb_blurb][\/et_pb_column][\/et_pb_row][\/et_pb_section]<\/p>\n","protected":false},"excerpt":{"rendered":"<p>Shampoo con col\u00e1geno marino hidrolizado\u00a0\u00a1M\u00e1s de 20 amino\u00e1cidos!Da fuerza, crecimiento para tu cabello; resistencia, dismuye la ca\u00edda; suavidad, m\u00e1s f\u00e1cil de peinar; brillo, l\u00facelo desde la primer lavada Penetra a trav\u00e9s del poro del cabello a la ra\u00edz, fortaleciendo y estimulando la fase end\u00f3gena (nacimiento) del cabello. As\u00ed como su desarrollo y crecimiento, limpia a [&hellip;]<\/p>\n","protected":false},"author":1,"featured_media":0,"parent":0,"menu_order":0,"comment_status":"closed","ping_status":"closed","template":"","meta":{"_et_pb_use_builder":"on","_et_pb_old_content":"<!-- wp:divi\/placeholder \/-->","_et_gb_content_width":"","footnotes":""},"class_list":["post-24","page","type-page","status-publish","hentry"],"yoast_head":"<!-- This site is optimized with the Yoast SEO plugin v26.9 - https:\/\/yoast.com\/product\/yoast-seo-wordpress\/ -->\n<title>Inicio - Re-Care<\/title>\n<meta name=\"robots\" content=\"index, follow, max-snippet:-1, max-image-preview:large, max-video-preview:-1\" \/>\n<link rel=\"canonical\" href=\"https:\/\/re-care.com.mx\/\" \/>\n<meta property=\"og:locale\" content=\"es_ES\" \/>\n<meta property=\"og:type\" content=\"article\" \/>\n<meta property=\"og:title\" content=\"Inicio - Re-Care\" \/>\n<meta property=\"og:description\" content=\"Shampoo con col\u00e1geno marino hidrolizado\u00a0\u00a1M\u00e1s de 20 amino\u00e1cidos!Da fuerza, crecimiento para tu cabello; resistencia, dismuye la ca\u00edda; suavidad, m\u00e1s f\u00e1cil de peinar; brillo, l\u00facelo desde la primer lavada Penetra a trav\u00e9s del poro del cabello a la ra\u00edz, fortaleciendo y estimulando la fase end\u00f3gena (nacimiento) del cabello. As\u00ed como su desarrollo y crecimiento, limpia a [&hellip;]\" \/>\n<meta property=\"og:url\" content=\"https:\/\/re-care.com.mx\/\" \/>\n<meta property=\"og:site_name\" content=\"Re-Care\" \/>\n<meta property=\"article:modified_time\" content=\"2026-02-08T00:34:49+00:00\" \/>\n<meta property=\"og:image\" content=\"https:\/\/re-care.com.mx\/wp-content\/themes\/Divi\/includes\/builder\/frontend-builder\/assets\/vendors\/plugins\/emoticons\/img\/smiley-wink.gif\" \/>\n<meta name=\"twitter:card\" content=\"summary_large_image\" \/>\n<script type=\"application\/ld+json\" class=\"yoast-schema-graph\">{\"@context\":\"https:\/\/schema.org\",\"@graph\":[{\"@type\":\"WebPage\",\"@id\":\"https:\/\/re-care.com.mx\/\",\"url\":\"https:\/\/re-care.com.mx\/\",\"name\":\"Inicio - Re-Care\",\"isPartOf\":{\"@id\":\"https:\/\/re-care.com.mx\/#website\"},\"primaryImageOfPage\":{\"@id\":\"https:\/\/re-care.com.mx\/#primaryimage\"},\"image\":{\"@id\":\"https:\/\/re-care.com.mx\/#primaryimage\"},\"thumbnailUrl\":\"https:\/\/re-care.com.mx\/wp-content\/themes\/Divi\/includes\/builder\/frontend-builder\/assets\/vendors\/plugins\/emoticons\/img\/smiley-wink.gif\",\"datePublished\":\"2021-07-27T21:57:21+00:00\",\"dateModified\":\"2026-02-08T00:34:49+00:00\",\"breadcrumb\":{\"@id\":\"https:\/\/re-care.com.mx\/#breadcrumb\"},\"inLanguage\":\"es\",\"potentialAction\":[{\"@type\":\"ReadAction\",\"target\":[\"https:\/\/re-care.com.mx\/\"]}]},{\"@type\":\"ImageObject\",\"inLanguage\":\"es\",\"@id\":\"https:\/\/re-care.com.mx\/#primaryimage\",\"url\":\"https:\/\/re-care.com.mx\/wp-content\/themes\/Divi\/includes\/builder\/frontend-builder\/assets\/vendors\/plugins\/emoticons\/img\/smiley-wink.gif\",\"contentUrl\":\"https:\/\/re-care.com.mx\/wp-content\/themes\/Divi\/includes\/builder\/frontend-builder\/assets\/vendors\/plugins\/emoticons\/img\/smiley-wink.gif\"},{\"@type\":\"BreadcrumbList\",\"@id\":\"https:\/\/re-care.com.mx\/#breadcrumb\",\"itemListElement\":[{\"@type\":\"ListItem\",\"position\":1,\"name\":\"Portada\",\"item\":\"https:\/\/re-care.com.mx\/\"},{\"@type\":\"ListItem\",\"position\":2,\"name\":\"Inicio\"}]},{\"@type\":\"WebSite\",\"@id\":\"https:\/\/re-care.com.mx\/#website\",\"url\":\"https:\/\/re-care.com.mx\/\",\"name\":\"Re-Care\",\"description\":\"\",\"potentialAction\":[{\"@type\":\"SearchAction\",\"target\":{\"@type\":\"EntryPoint\",\"urlTemplate\":\"https:\/\/re-care.com.mx\/?s={search_term_string}\"},\"query-input\":{\"@type\":\"PropertyValueSpecification\",\"valueRequired\":true,\"valueName\":\"search_term_string\"}}],\"inLanguage\":\"es\"}]}<\/script>\n<!-- \/ Yoast SEO plugin. -->","yoast_head_json":{"title":"Inicio - Re-Care","robots":{"index":"index","follow":"follow","max-snippet":"max-snippet:-1","max-image-preview":"max-image-preview:large","max-video-preview":"max-video-preview:-1"},"canonical":"https:\/\/re-care.com.mx\/","og_locale":"es_ES","og_type":"article","og_title":"Inicio - Re-Care","og_description":"Shampoo con col\u00e1geno marino hidrolizado\u00a0\u00a1M\u00e1s de 20 amino\u00e1cidos!Da fuerza, crecimiento para tu cabello; resistencia, dismuye la ca\u00edda; suavidad, m\u00e1s f\u00e1cil de peinar; brillo, l\u00facelo desde la primer lavada Penetra a trav\u00e9s del poro del cabello a la ra\u00edz, fortaleciendo y estimulando la fase end\u00f3gena (nacimiento) del cabello. As\u00ed como su desarrollo y crecimiento, limpia a [&hellip;]","og_url":"https:\/\/re-care.com.mx\/","og_site_name":"Re-Care","article_modified_time":"2026-02-08T00:34:49+00:00","og_image":[{"url":"https:\/\/re-care.com.mx\/wp-content\/themes\/Divi\/includes\/builder\/frontend-builder\/assets\/vendors\/plugins\/emoticons\/img\/smiley-wink.gif","type":"","width":"","height":""}],"twitter_card":"summary_large_image","schema":{"@context":"https:\/\/schema.org","@graph":[{"@type":"WebPage","@id":"https:\/\/re-care.com.mx\/","url":"https:\/\/re-care.com.mx\/","name":"Inicio - Re-Care","isPartOf":{"@id":"https:\/\/re-care.com.mx\/#website"},"primaryImageOfPage":{"@id":"https:\/\/re-care.com.mx\/#primaryimage"},"image":{"@id":"https:\/\/re-care.com.mx\/#primaryimage"},"thumbnailUrl":"https:\/\/re-care.com.mx\/wp-content\/themes\/Divi\/includes\/builder\/frontend-builder\/assets\/vendors\/plugins\/emoticons\/img\/smiley-wink.gif","datePublished":"2021-07-27T21:57:21+00:00","dateModified":"2026-02-08T00:34:49+00:00","breadcrumb":{"@id":"https:\/\/re-care.com.mx\/#breadcrumb"},"inLanguage":"es","potentialAction":[{"@type":"ReadAction","target":["https:\/\/re-care.com.mx\/"]}]},{"@type":"ImageObject","inLanguage":"es","@id":"https:\/\/re-care.com.mx\/#primaryimage","url":"https:\/\/re-care.com.mx\/wp-content\/themes\/Divi\/includes\/builder\/frontend-builder\/assets\/vendors\/plugins\/emoticons\/img\/smiley-wink.gif","contentUrl":"https:\/\/re-care.com.mx\/wp-content\/themes\/Divi\/includes\/builder\/frontend-builder\/assets\/vendors\/plugins\/emoticons\/img\/smiley-wink.gif"},{"@type":"BreadcrumbList","@id":"https:\/\/re-care.com.mx\/#breadcrumb","itemListElement":[{"@type":"ListItem","position":1,"name":"Portada","item":"https:\/\/re-care.com.mx\/"},{"@type":"ListItem","position":2,"name":"Inicio"}]},{"@type":"WebSite","@id":"https:\/\/re-care.com.mx\/#website","url":"https:\/\/re-care.com.mx\/","name":"Re-Care","description":"","potentialAction":[{"@type":"SearchAction","target":{"@type":"EntryPoint","urlTemplate":"https:\/\/re-care.com.mx\/?s={search_term_string}"},"query-input":{"@type":"PropertyValueSpecification","valueRequired":true,"valueName":"search_term_string"}}],"inLanguage":"es"}]}},"_links":{"self":[{"href":"https:\/\/re-care.com.mx\/index.php\/wp-json\/wp\/v2\/pages\/24","targetHints":{"allow":["GET"]}}],"collection":[{"href":"https:\/\/re-care.com.mx\/index.php\/wp-json\/wp\/v2\/pages"}],"about":[{"href":"https:\/\/re-care.com.mx\/index.php\/wp-json\/wp\/v2\/types\/page"}],"author":[{"embeddable":true,"href":"https:\/\/re-care.com.mx\/index.php\/wp-json\/wp\/v2\/users\/1"}],"replies":[{"embeddable":true,"href":"https:\/\/re-care.com.mx\/index.php\/wp-json\/wp\/v2\/comments?post=24"}],"version-history":[{"count":36,"href":"https:\/\/re-care.com.mx\/index.php\/wp-json\/wp\/v2\/pages\/24\/revisions"}],"predecessor-version":[{"id":170,"href":"https:\/\/re-care.com.mx\/index.php\/wp-json\/wp\/v2\/pages\/24\/revisions\/170"}],"wp:attachment":[{"href":"https:\/\/re-care.com.mx\/index.php\/wp-json\/wp\/v2\/media?parent=24"}],"curies":[{"name":"wp","href":"https:\/\/api.w.org\/{rel}","templated":true}]}}