{"id":26,"date":"2021-07-27T21:58:05","date_gmt":"2021-07-27T21:58:05","guid":{"rendered":"https:\/\/re-care.com.mx\/?page_id=26"},"modified":"2022-02-17T02:52:40","modified_gmt":"2022-02-17T02:52:40","slug":"productos","status":"publish","type":"page","link":"https:\/\/re-care.com.mx\/index.php\/productos\/","title":{"rendered":"Productos"},"content":{"rendered":"<p>[et_pb_section fb_built=\u00bb1&#8243; _builder_version=\u00bb4.7.7&#8243; _module_preset=\u00bbdefault\u00bb background_enable_image=\u00bboff\u00bb custom_padding=\u00bb0px||0px|||\u00bb][et_pb_row _builder_version=\u00bb4.7.7&#8243; _module_preset=\u00bbdefault\u00bb custom_padding=\u00bb0px|||||\u00bb][et_pb_column type=\u00bb4_4&#8243; _builder_version=\u00bb4.7.7&#8243; _module_preset=\u00bbdefault\u00bb][et_pb_slider _builder_version=\u00bb4.7.7&#8243; _module_preset=\u00bbdefault\u00bb custom_margin=\u00bb-4px|-131px||-134px||\u00bb animation_style=\u00bbbounce\u00bb animation_direction=\u00bbleft\u00bb][et_pb_slide heading=\u00bbDale a tu cabello el trato que se merece\u00bb _builder_version=\u00bb4.7.7&#8243; _module_preset=\u00bbdefault\u00bb header_font=\u00bbAnton||||||||\u00bb body_font_size=\u00bb19px\u00bb background_image=\u00bbhttps:\/\/re-care.com.mx\/wp-content\/uploads\/2021\/08\/Copia-de-Re-Care-DISENO-WEB-2.png\u00bb background_enable_image=\u00bbon\u00bb header_text_shadow_style=\u00bbpreset2&#8243; sticky_transition=\u00bbon\u00bb]<\/p>\n<p>Conoce toda nuestra l\u00ednea de productos<\/p>\n<p>[\/et_pb_slide][\/et_pb_slider][\/et_pb_column][\/et_pb_row][et_pb_row _builder_version=\u00bb4.7.7&#8243; _module_preset=\u00bbdefault\u00bb][et_pb_column type=\u00bb4_4&#8243; _builder_version=\u00bb4.7.7&#8243; _module_preset=\u00bbdefault\u00bb][et_pb_slider arrows_custom_color=\u00bb#000000&#8243; dot_nav_custom_color=\u00bb#000000&#8243; _builder_version=\u00bb4.7.7&#8243; _module_preset=\u00bbdefault\u00bb hover_enabled=\u00bb0&#8243; sticky_enabled=\u00bb0&#8243;][et_pb_slide heading=\u00bbTratamiento\u00bb button_text=\u00bb\u00a1Lo quiero!\u00bb button_link=\u00bbhttps:\/\/re-care.com.mx\/index.php\/contacto\/\u00bb image=\u00bbhttps:\/\/re-care.com.mx\/wp-content\/uploads\/2021\/08\/Diseno-sin-titulo-46.png\u00bb _builder_version=\u00bb4.7.7&#8243; _module_preset=\u00bbdefault\u00bb header_font=\u00bbAnton||||||||\u00bb header_text_color=\u00bb#000000&#8243; body_text_color=\u00bb#000000&#8243; background_color=\u00bb#ffffff\u00bb background_enable_color=\u00bbon\u00bb custom_button=\u00bbon\u00bb button_text_color=\u00bb#ffffff\u00bb button_bg_color=\u00bb#000000&#8243; button_border_color=\u00bb#000000&#8243; button_font=\u00bbAnton||||||||\u00bb button_use_icon=\u00bbon\u00bb button_icon=\u00bb%%20%%\u00bb button_icon_color=\u00bb#ffffff\u00bb box_shadow_style_button=\u00bbpreset3&#8243; sticky_transition=\u00bbon\u00bb]<\/p>\n<p><span>Mascarilla anti frizz y protector solar; Hidrata y restaura tu cabello con sus m\u00e1s de 20 amino\u00e1cidos, que lo volver\u00e1n suave y f\u00e1cil de manejar aplicando una muy peque\u00f1a cantidad (del tama\u00f1o de una avellana) listo para desenredar f\u00e1cilmente.\u00a0<\/span><\/p>\n<p>Brinda reparaci\u00f3n intensiva que reesctrutura la hebra capilar, eliminando el frizz de manera instant\u00e1nea.<\/p>\n<p>[\/et_pb_slide][et_pb_slide heading=\u00bbShampoo\u00bb button_text=\u00bb\u00a1Lo quiero! \u00bb button_link=\u00bbhttps:\/\/re-care.com.mx\/index.php\/contacto\/\u00bb image=\u00bbhttps:\/\/re-care.com.mx\/wp-content\/uploads\/2021\/08\/Diseno-sin-titulo-45.png\u00bb _builder_version=\u00bb4.7.7&#8243; _module_preset=\u00bbdefault\u00bb header_font=\u00bbAnton||||||||\u00bb header_text_color=\u00bb#000000&#8243; body_text_color=\u00bb#000000&#8243; background_color=\u00bb#ffffff\u00bb background_enable_color=\u00bbon\u00bb custom_button=\u00bbon\u00bb button_text_color=\u00bb#ffffff\u00bb button_bg_color=\u00bb#000000&#8243; button_border_color=\u00bb#000000&#8243; button_font=\u00bbAnton||||||||\u00bb box_shadow_style_button=\u00bbpreset3&#8243; sticky_transition=\u00bbon\u00bb]<\/p>\n<p>\u00danico shampoo en M\u00e9xico con 20 L-Amino\u00e1cidos de bajo peso molecular. Penetra a trav\u00e9s del poro del cabello a la ra\u00edz, fortaleciendo y estimulando la fase end\u00f3gena (nacimiento) del cabello, as\u00ed como su desarrollo y crecimiento. Limpia a profundidad el cuero cabelludo.<\/p>\n<p>Para todo tipo de cabello, repara e hidrata, acelera el crecimiento, disminuye la ca\u00edda y estimula la salida de cabello nuevo.\u00a0<\/p>\n<p>[\/et_pb_slide][et_pb_slide heading=\u00bbCol\u00e1geno marino\u00bb button_text=\u00bb\u00a1Lo quiero! \u00bb button_link=\u00bbhttps:\/\/re-care.com.mx\/index.php\/contacto\/\u00bb image=\u00bbhttps:\/\/re-care.com.mx\/wp-content\/uploads\/2022\/02\/Colageno-mockup.png\u00bb _builder_version=\u00bb4.7.7&#8243; _module_preset=\u00bbdefault\u00bb header_font=\u00bbAnton||||||||\u00bb header_text_color=\u00bb#000000&#8243; body_text_color=\u00bb#000000&#8243; background_color=\u00bb#ffffff\u00bb background_enable_color=\u00bbon\u00bb custom_button=\u00bbon\u00bb button_text_color=\u00bb#ffffff\u00bb button_bg_color=\u00bb#000000&#8243; button_border_color=\u00bb#000000&#8243; button_font=\u00bbAnton||||||||\u00bb hover_enabled=\u00bb0&#8243; box_shadow_style_button=\u00bbpreset3&#8243; sticky_transition=\u00bbon\u00bb title_text=\u00bbColageno mockup\u00bb sticky_enabled=\u00bb0&#8243;]<\/p>\n<p class=\"Cuerpo\"><span lang=\"ES-TRAD\">Auxiliar proteinico para anti envejecimiento y enfermedades auto inmunes y degenerativas, climaterio y menopausia, ayuda a fortalecer el sistema inmune<o:p><\/o:p><\/span><\/p>\n<p class=\"Cuerpo\"><span lang=\"ES-TRAD\"><o:p>\u00a0<\/o:p><\/span><span lang=\"ES-TRAD\">Beneficios del col\u00e1geno:<o:p><\/o:p><\/span><\/p>\n<ul>\n<li class=\"Cuerpo\"><span lang=\"ES-TRAD\">Salud y belleza, en piel cabello y u\u00f1as.<\/span><\/li>\n<li class=\"Cuerpo\"><span lang=\"ES-TRAD\">Reduce el estr\u00e9s <o:p><\/o:p><\/span><\/li>\n<li class=\"Cuerpo\"><span lang=\"ES-TRAD\">Energ\u00eda <o:p><\/o:p><\/span><\/li>\n<li class=\"Cuerpo\"><span lang=\"ES-TRAD\">Huesos <o:p><\/o:p><\/span><\/li>\n<li class=\"Cuerpo\"><span lang=\"ES-TRAD\">M\u00fasculos <o:p><\/o:p><\/span><\/li>\n<li class=\"Cuerpo\"><span lang=\"ES-TRAD\">Venas <o:p><\/o:p><\/span><\/li>\n<li class=\"Cuerpo\"><span lang=\"ES-TRAD\">Cart\u00edlagos <o:p><\/o:p><\/span><\/li>\n<\/ul>\n<p class=\"Cuerpo\"><span lang=\"ES-TRAD\"><o:p>\u00a0<\/o:p><\/span><span lang=\"ES-TRAD\">\u00bfPara que es necesario y en qu\u00e9 partes del cuerpo se necesita el col\u00e1geno?<o:p><\/o:p><\/span><\/p>\n<p class=\"Cuerpo\"><span lang=\"ES-TRAD\"><o:p>\u00a0<\/o:p><\/span><span lang=\"ES-TRAD\" style=\"font-family: 'Arial Unicode MS',serif;\">\u2714\ufe0fE<\/span><span lang=\"ES-TRAD\">st\u00e1 presente en todos los \u00f3rganos y tejidos del cuerpo.<o:p><\/o:p><\/span><\/p>\n<p class=\"Cuerpo\"><span lang=\"ES-TRAD\" style=\"font-family: 'Arial Unicode MS',serif;\">\u2714\ufe0fA<\/span><span lang=\"ES-TRAD\">yuda a mantener la flexibilidad y resistencia, piel, ligamentos, tendones, m\u00fasculos, u\u00f1as, vasos sangu\u00edneos, huesos, dientes y articulaciones. <o:p><\/o:p><\/span><\/p>\n<p>[\/et_pb_slide][\/et_pb_slider][\/et_pb_column][\/et_pb_row][\/et_pb_section][et_pb_section fb_built=\u00bb1&#8243; _builder_version=\u00bb4.7.7&#8243; _module_preset=\u00bbdefault\u00bb custom_padding=\u00bb0px||0px|||\u00bb][et_pb_row _builder_version=\u00bb4.7.7&#8243; _module_preset=\u00bbdefault\u00bb custom_padding=\u00bb0px||0px|||\u00bb][et_pb_column type=\u00bb4_4&#8243; _builder_version=\u00bb4.7.7&#8243; _module_preset=\u00bbdefault\u00bb][et_pb_image src=\u00bbhttps:\/\/re-care.com.mx\/wp-content\/uploads\/2021\/08\/Copia-de-Re-Care-DISENO-WEB-3.png\u00bb title_text=\u00bbCopia de Re-Care DISE\u00d1O WEB (3)\u00bb _builder_version=\u00bb4.7.7&#8243; _module_preset=\u00bbdefault\u00bb min_height=\u00bb461.1px\u00bb custom_margin=\u00bb-68px|-147px|-5px|-136px||\u00bb custom_padding=\u00bb0px||0px|||\u00bb][\/et_pb_image][\/et_pb_column][\/et_pb_row][\/et_pb_section]<\/p>\n","protected":false},"excerpt":{"rendered":"<p>Conoce toda nuestra l\u00ednea de productosMascarilla anti frizz y protector solar; Hidrata y restaura tu cabello con sus m\u00e1s de 20 amino\u00e1cidos, que lo volver\u00e1n suave y f\u00e1cil de manejar aplicando una muy peque\u00f1a cantidad (del tama\u00f1o de una avellana) listo para desenredar f\u00e1cilmente.\u00a0 Brinda reparaci\u00f3n intensiva que reesctrutura la hebra capilar, eliminando el frizz [&hellip;]<\/p>\n","protected":false},"author":1,"featured_media":0,"parent":0,"menu_order":0,"comment_status":"closed","ping_status":"closed","template":"","meta":{"_et_pb_use_builder":"on","_et_pb_old_content":"<!-- wp:divi\/placeholder \/-->","_et_gb_content_width":"","footnotes":""},"class_list":["post-26","page","type-page","status-publish","hentry"],"yoast_head":"<!-- This site is optimized with the Yoast SEO plugin v26.9 - https:\/\/yoast.com\/product\/yoast-seo-wordpress\/ -->\n<title>Productos - Re-Care<\/title>\n<meta name=\"robots\" content=\"index, follow, max-snippet:-1, max-image-preview:large, max-video-preview:-1\" \/>\n<link rel=\"canonical\" href=\"https:\/\/re-care.com.mx\/index.php\/productos\/\" \/>\n<meta property=\"og:locale\" content=\"es_ES\" \/>\n<meta property=\"og:type\" content=\"article\" \/>\n<meta property=\"og:title\" content=\"Productos - Re-Care\" \/>\n<meta property=\"og:description\" content=\"Conoce toda nuestra l\u00ednea de productosMascarilla anti frizz y protector solar; Hidrata y restaura tu cabello con sus m\u00e1s de 20 amino\u00e1cidos, que lo volver\u00e1n suave y f\u00e1cil de manejar aplicando una muy peque\u00f1a cantidad (del tama\u00f1o de una avellana) listo para desenredar f\u00e1cilmente.\u00a0 Brinda reparaci\u00f3n intensiva que reesctrutura la hebra capilar, eliminando el frizz [&hellip;]\" \/>\n<meta property=\"og:url\" content=\"https:\/\/re-care.com.mx\/index.php\/productos\/\" \/>\n<meta property=\"og:site_name\" content=\"Re-Care\" \/>\n<meta property=\"article:modified_time\" content=\"2022-02-17T02:52:40+00:00\" \/>\n<meta name=\"twitter:card\" content=\"summary_large_image\" \/>\n<script type=\"application\/ld+json\" class=\"yoast-schema-graph\">{\"@context\":\"https:\/\/schema.org\",\"@graph\":[{\"@type\":\"WebPage\",\"@id\":\"https:\/\/re-care.com.mx\/index.php\/productos\/\",\"url\":\"https:\/\/re-care.com.mx\/index.php\/productos\/\",\"name\":\"Productos - Re-Care\",\"isPartOf\":{\"@id\":\"https:\/\/re-care.com.mx\/#website\"},\"datePublished\":\"2021-07-27T21:58:05+00:00\",\"dateModified\":\"2022-02-17T02:52:40+00:00\",\"breadcrumb\":{\"@id\":\"https:\/\/re-care.com.mx\/index.php\/productos\/#breadcrumb\"},\"inLanguage\":\"es\",\"potentialAction\":[{\"@type\":\"ReadAction\",\"target\":[\"https:\/\/re-care.com.mx\/index.php\/productos\/\"]}]},{\"@type\":\"BreadcrumbList\",\"@id\":\"https:\/\/re-care.com.mx\/index.php\/productos\/#breadcrumb\",\"itemListElement\":[{\"@type\":\"ListItem\",\"position\":1,\"name\":\"Portada\",\"item\":\"https:\/\/re-care.com.mx\/\"},{\"@type\":\"ListItem\",\"position\":2,\"name\":\"Productos\"}]},{\"@type\":\"WebSite\",\"@id\":\"https:\/\/re-care.com.mx\/#website\",\"url\":\"https:\/\/re-care.com.mx\/\",\"name\":\"Re-Care\",\"description\":\"\",\"potentialAction\":[{\"@type\":\"SearchAction\",\"target\":{\"@type\":\"EntryPoint\",\"urlTemplate\":\"https:\/\/re-care.com.mx\/?s={search_term_string}\"},\"query-input\":{\"@type\":\"PropertyValueSpecification\",\"valueRequired\":true,\"valueName\":\"search_term_string\"}}],\"inLanguage\":\"es\"}]}<\/script>\n<!-- \/ Yoast SEO plugin. -->","yoast_head_json":{"title":"Productos - Re-Care","robots":{"index":"index","follow":"follow","max-snippet":"max-snippet:-1","max-image-preview":"max-image-preview:large","max-video-preview":"max-video-preview:-1"},"canonical":"https:\/\/re-care.com.mx\/index.php\/productos\/","og_locale":"es_ES","og_type":"article","og_title":"Productos - Re-Care","og_description":"Conoce toda nuestra l\u00ednea de productosMascarilla anti frizz y protector solar; Hidrata y restaura tu cabello con sus m\u00e1s de 20 amino\u00e1cidos, que lo volver\u00e1n suave y f\u00e1cil de manejar aplicando una muy peque\u00f1a cantidad (del tama\u00f1o de una avellana) listo para desenredar f\u00e1cilmente.\u00a0 Brinda reparaci\u00f3n intensiva que reesctrutura la hebra capilar, eliminando el frizz [&hellip;]","og_url":"https:\/\/re-care.com.mx\/index.php\/productos\/","og_site_name":"Re-Care","article_modified_time":"2022-02-17T02:52:40+00:00","twitter_card":"summary_large_image","schema":{"@context":"https:\/\/schema.org","@graph":[{"@type":"WebPage","@id":"https:\/\/re-care.com.mx\/index.php\/productos\/","url":"https:\/\/re-care.com.mx\/index.php\/productos\/","name":"Productos - Re-Care","isPartOf":{"@id":"https:\/\/re-care.com.mx\/#website"},"datePublished":"2021-07-27T21:58:05+00:00","dateModified":"2022-02-17T02:52:40+00:00","breadcrumb":{"@id":"https:\/\/re-care.com.mx\/index.php\/productos\/#breadcrumb"},"inLanguage":"es","potentialAction":[{"@type":"ReadAction","target":["https:\/\/re-care.com.mx\/index.php\/productos\/"]}]},{"@type":"BreadcrumbList","@id":"https:\/\/re-care.com.mx\/index.php\/productos\/#breadcrumb","itemListElement":[{"@type":"ListItem","position":1,"name":"Portada","item":"https:\/\/re-care.com.mx\/"},{"@type":"ListItem","position":2,"name":"Productos"}]},{"@type":"WebSite","@id":"https:\/\/re-care.com.mx\/#website","url":"https:\/\/re-care.com.mx\/","name":"Re-Care","description":"","potentialAction":[{"@type":"SearchAction","target":{"@type":"EntryPoint","urlTemplate":"https:\/\/re-care.com.mx\/?s={search_term_string}"},"query-input":{"@type":"PropertyValueSpecification","valueRequired":true,"valueName":"search_term_string"}}],"inLanguage":"es"}]}},"_links":{"self":[{"href":"https:\/\/re-care.com.mx\/index.php\/wp-json\/wp\/v2\/pages\/26","targetHints":{"allow":["GET"]}}],"collection":[{"href":"https:\/\/re-care.com.mx\/index.php\/wp-json\/wp\/v2\/pages"}],"about":[{"href":"https:\/\/re-care.com.mx\/index.php\/wp-json\/wp\/v2\/types\/page"}],"author":[{"embeddable":true,"href":"https:\/\/re-care.com.mx\/index.php\/wp-json\/wp\/v2\/users\/1"}],"replies":[{"embeddable":true,"href":"https:\/\/re-care.com.mx\/index.php\/wp-json\/wp\/v2\/comments?post=26"}],"version-history":[{"count":16,"href":"https:\/\/re-care.com.mx\/index.php\/wp-json\/wp\/v2\/pages\/26\/revisions"}],"predecessor-version":[{"id":153,"href":"https:\/\/re-care.com.mx\/index.php\/wp-json\/wp\/v2\/pages\/26\/revisions\/153"}],"wp:attachment":[{"href":"https:\/\/re-care.com.mx\/index.php\/wp-json\/wp\/v2\/media?parent=26"}],"curies":[{"name":"wp","href":"https:\/\/api.w.org\/{rel}","templated":true}]}}